{"id":1034,"date":"2020-12-11T06:22:04","date_gmt":"2020-12-11T04:22:04","guid":{"rendered":"https:\/\/rucksack.beta-projekt.net\/?page_id=1034"},"modified":"2020-12-21T12:55:19","modified_gmt":"2020-12-21T10:55:19","slug":"cocuk-kitaplari","status":"publish","type":"page","link":"https:\/\/rucksack-mitte.de\/tr\/ana-sayfa\/cocuk-kitaplari\/","title":{"rendered":"\u00c7ocuk kitaplar\u0131"},"content":{"rendered":"<p>Sevgili veliler, sevgili \u00e7ocuklar, sevgili aileler,<\/p>\n<p>Burada \u00e7ocuk kitaplar\u0131n\u0131 nereden bulabilir ve \u00f6d\u00fcn\u00e7 alabilir bilgisi bulmaktad\u0131r.<\/p>\n<p>B\u00f6lgenizdeki \u015fehir k\u00fct\u00fcphanelerinin adresleri ve ileti\u015fim bilgileri:<\/p>\n<p><strong>Moabit<\/strong><\/p>\n<ul>\n<li>Kurt-Tucholsky-k\u00fct\u00fcphane<br \/>\nRostocker Stra\u00dfe 32b<br \/>\n10553 Berlin<br \/>\n(030) 39480264<br \/>\nSayfa: https:\/\/www.berlin.de\/stadtbibliothek-mitte\/bibliotheken\/kurt-tucholsky-bibliothek\/<\/li>\n<\/ul>\n<p>&nbsp;<\/p>\n<ul>\n<li>Bruno-L\u00f6sche-k\u00fct\u00fcphane<br \/>\nPerleberger Stra\u00dfe 33<br \/>\n10559 Berlin<br \/>\n(030) 901833025<br \/>\nSayfa: https:\/\/www.berlin.de\/stadtbibliothek-mitte\/bibliotheken\/bruno-loesche-bibliothek\/<\/li>\n<\/ul>\n<p>&nbsp;<\/p>\n<p><strong>Wedding<\/strong><\/p>\n<ul>\n<li>Schiller k\u00fct\u00fcphane<br \/>\nM\u00fcllerstr. 149<br \/>\n13353 Berlin<br \/>\n(030)901845683<br \/>\nSayfa: https:\/\/www.berlin.de\/stadtbibliothek-mitte\/bibliotheken\/schiller-bibliothek-mit-hugojugendmedienetage\/<\/li>\n<\/ul>\n<p>&nbsp;<\/p>\n<ul>\n<li>\u015eehir k\u00fct\u00fcphane Luisenbad<br \/>\nBadstr. 39<br \/>\n13357 Berlin<br \/>\n(030)901845610<br \/>\nSayfa: https:\/\/www.berlin.de\/stadtbibliothek-mitte\/bibliotheken\/bibliothek-am-luisenbad\/<\/li>\n<\/ul>\n<p>&nbsp;<\/p>\n<p>Ayr\u0131ca Rucksack ailesi olarak kendi proje k\u00fct\u00fcphanemizden \u00e7ocuk kitaplar\u0131n\u0131 \u00f6d\u00fcn\u00e7 alma olana\u011f\u0131na da sahipsiniz.<\/p>\n<p>\u00c7ocuk kitaplar\u0131m\u0131z\u0131n tam listesi burada bulunabilir<u>: RAA Berlin \u00e7ok dilli k\u00fct\u00fcphanesi<\/u>.<\/p>\n<p>K\u00fct\u00fcphanemizden bir \u00e7ocuk kitab\u0131 \u00f6d\u00fcn\u00e7 almak i\u00e7in l\u00fctfen \u00f6zel e\u011fitilmi\u015f velilerinizle ileti\u015fime ge\u00e7in.<\/p>\n","protected":false},"excerpt":{"rendered":"<p>Sevgili veliler, sevgili \u00e7ocuklar, sevgili aileler, Burada \u00e7ocuk kitaplar\u0131n\u0131 nereden bulabilir ve \u00f6d\u00fcn\u00e7 alabilir bilgisi bulmaktad\u0131r. B\u00f6lgenizdeki \u015fehir k\u00fct\u00fcphanelerinin adresleri ve ileti\u015fim bilgileri: Moabit Kurt-Tucholsky-k\u00fct\u00fcphane Rostocker Stra\u00dfe 32b 10553 Berlin (030) 39480264 Sayfa: https:\/\/www.berlin.de\/stadtbibliothek-mitte\/bibliotheken\/kurt-tucholsky-bibliothek\/ &nbsp; Bruno-L\u00f6sche-k\u00fct\u00fcphane Perleberger Stra\u00dfe 33 10559 Berlin (030) 901833025 Sayfa: https:\/\/www.berlin.de\/stadtbibliothek-mitte\/bibliotheken\/bruno-loesche-bibliothek\/ &nbsp; Wedding Schiller k\u00fct\u00fcphane M\u00fcllerstr. 149 13353 Berlin (030)901845683 Sayfa: [&hellip;]<\/p>\n","protected":false},"author":2,"featured_media":0,"parent":1105,"menu_order":0,"comment_status":"closed","ping_status":"closed","template":"","meta":{"_acf_changed":false,"footnotes":""},"class_list":["post-1034","page","type-page","status-publish","hentry"],"acf":[],"_links":{"self":[{"href":"https:\/\/rucksack-mitte.de\/tr\/wp-json\/wp\/v2\/pages\/1034","targetHints":{"allow":["GET"]}}],"collection":[{"href":"https:\/\/rucksack-mitte.de\/tr\/wp-json\/wp\/v2\/pages"}],"about":[{"href":"https:\/\/rucksack-mitte.de\/tr\/wp-json\/wp\/v2\/types\/page"}],"author":[{"embeddable":true,"href":"https:\/\/rucksack-mitte.de\/tr\/wp-json\/wp\/v2\/users\/2"}],"replies":[{"embeddable":true,"href":"https:\/\/rucksack-mitte.de\/tr\/wp-json\/wp\/v2\/comments?post=1034"}],"version-history":[{"count":0,"href":"https:\/\/rucksack-mitte.de\/tr\/wp-json\/wp\/v2\/pages\/1034\/revisions"}],"up":[{"embeddable":true,"href":"https:\/\/rucksack-mitte.de\/tr\/wp-json\/wp\/v2\/pages\/1105"}],"wp:attachment":[{"href":"https:\/\/rucksack-mitte.de\/tr\/wp-json\/wp\/v2\/media?parent=1034"}],"curies":[{"name":"wp","href":"https:\/\/api.w.org\/{rel}","templated":true}]}}