{"id":1105,"date":"2020-12-15T15:08:43","date_gmt":"2020-12-15T13:08:43","guid":{"rendered":"https:\/\/rucksack.beta-projekt.net\/?page_id=1105"},"modified":"2020-12-16T13:17:16","modified_gmt":"2020-12-16T11:17:16","slug":"ana-sayfa","status":"publish","type":"page","link":"https:\/\/rucksack-mitte.de\/tr\/ana-sayfa\/","title":{"rendered":"Ana sayfa"},"content":{"rendered":"<p>Sevgili veliler, sevgili \u00e7ocuklar, sevgili aileler!<\/p>\n<p>Rucksack web sitemize ho\u015fgeldiniz.<\/p>\n<p>Burada Rucksack program\u0131 \u00fczerinde malzemeler, fikirler ve bilgiler bulabilirsiniz.<\/p>\n<p><u>Videolar<\/u> yazan b\u00f6l\u00fcmde (Videoyu t\u0131klay\u0131n), evde \u00e7ocuklar\u0131n\u0131zla rahat bir \u015fekilde izleyebilece\u011finiz \u00f6zel e\u011fitilmi\u015f\u00a0 velilerin \u00e7ekilmi\u015f k\u0131sa videolar\u0131n\u0131 bulacaks\u0131n\u0131z (\u00f6rn. birden \u00e7ok dilli okuma).<\/p>\n<p><u>\u00c7ocuk kitaplar\u0131<\/u> yazan b\u00f6l\u00fcmde (\u00c7ocuk kitaplar\u0131n\u0131 t\u0131klay\u0131n), birden \u00e7ok dil \u00fczerinde kitaplar\u0131 nereden bulabilece\u011finiz, se\u00e7ebilece\u011finiz ve \u00f6d\u00fcn\u00e7 alabilece\u011finiz bilgileri bulacaks\u0131n\u0131z, \u00f6rne\u011fin \u015fehir k\u00fct\u00fcphanelerinde veya bizim (RAA Berlin) k\u00fct\u00fcphanemizde.<\/p>\n<p>Sitemizle ilgili sorularda l\u00fctfen \u00f6zel e\u011fitilmi\u015f velilerinizle ileti\u015fime ge\u00e7iniz.<\/p>\n<p>\u0130yi e\u011flenceler dileriz!<\/p>\n<p>Sizin Rucksack ekibiniz.<\/p>\n","protected":false},"excerpt":{"rendered":"<p>Sevgili veliler, sevgili \u00e7ocuklar, sevgili aileler! Rucksack web sitemize ho\u015fgeldiniz. Burada Rucksack program\u0131 \u00fczerinde malzemeler, fikirler ve bilgiler bulabilirsiniz. Videolar yazan b\u00f6l\u00fcmde (Videoyu t\u0131klay\u0131n), evde \u00e7ocuklar\u0131n\u0131zla rahat bir \u015fekilde izleyebilece\u011finiz \u00f6zel e\u011fitilmi\u015f\u00a0 velilerin \u00e7ekilmi\u015f k\u0131sa videolar\u0131n\u0131 bulacaks\u0131n\u0131z (\u00f6rn. birden \u00e7ok dilli okuma). \u00c7ocuk kitaplar\u0131 yazan b\u00f6l\u00fcmde (\u00c7ocuk kitaplar\u0131n\u0131 t\u0131klay\u0131n), birden \u00e7ok dil \u00fczerinde kitaplar\u0131 nereden [&hellip;]<\/p>\n","protected":false},"author":2,"featured_media":0,"parent":0,"menu_order":0,"comment_status":"closed","ping_status":"closed","template":"","meta":{"_acf_changed":false,"footnotes":""},"class_list":["post-1105","page","type-page","status-publish","hentry"],"acf":[],"_links":{"self":[{"href":"https:\/\/rucksack-mitte.de\/tr\/wp-json\/wp\/v2\/pages\/1105","targetHints":{"allow":["GET"]}}],"collection":[{"href":"https:\/\/rucksack-mitte.de\/tr\/wp-json\/wp\/v2\/pages"}],"about":[{"href":"https:\/\/rucksack-mitte.de\/tr\/wp-json\/wp\/v2\/types\/page"}],"author":[{"embeddable":true,"href":"https:\/\/rucksack-mitte.de\/tr\/wp-json\/wp\/v2\/users\/2"}],"replies":[{"embeddable":true,"href":"https:\/\/rucksack-mitte.de\/tr\/wp-json\/wp\/v2\/comments?post=1105"}],"version-history":[{"count":0,"href":"https:\/\/rucksack-mitte.de\/tr\/wp-json\/wp\/v2\/pages\/1105\/revisions"}],"wp:attachment":[{"href":"https:\/\/rucksack-mitte.de\/tr\/wp-json\/wp\/v2\/media?parent=1105"}],"curies":[{"name":"wp","href":"https:\/\/api.w.org\/{rel}","templated":true}]}}